{"id":10370,"date":"2024-09-23T04:57:29","date_gmt":"2024-09-23T07:57:29","guid":{"rendered":"https:\/\/chdigroup.com\/electricidad\/?page_id=10370"},"modified":"2024-09-23T05:06:21","modified_gmt":"2024-09-23T08:06:21","slug":"distribucion","status":"publish","type":"page","link":"https:\/\/chdigroup.com\/electricidad\/distribucion\/","title":{"rendered":"Distribuci\u00f3n de Servicios"},"content":{"rendered":"\t\t<div data-elementor-type=\"wp-page\" data-elementor-id=\"10370\" class=\"elementor elementor-10370\">\n\t\t\t\t        <section class=\"elementor-section elementor-top-section elementor-element elementor-element-1d59ac3 elementor-section-boxed elementor-section-height-default elementor-section-height-default ct-header-fixed-none ct-column-none ct-row-scroll-none ct-row-gradient--none\" data-id=\"1d59ac3\" data-element_type=\"section\">\n            \n                        <div class=\"elementor-container elementor-column-gap-extended \">\n                    <div class=\"elementor-column elementor-col-100 elementor-top-column elementor-element elementor-element-ab47c66 ct-column-none col-offset-none col-color-offset-none\" data-id=\"ab47c66\" data-element_type=\"column\">\n        <div class=\"elementor-widget-wrap elementor-element-populated\">\n                    \n                <section class=\"elementor-section elementor-inner-section elementor-element elementor-element-6d894b9 elementor-section-boxed elementor-section-height-default elementor-section-height-default ct-header-fixed-none ct-column-none ct-row-scroll-none ct-row-gradient--none\" data-id=\"6d894b9\" data-element_type=\"section\">\n            \n                        <div class=\"elementor-container elementor-column-gap-extended \">\n                    <div class=\"elementor-column elementor-col-33 elementor-inner-column elementor-element elementor-element-6415aa6 ct-column-none col-offset-none col-color-offset-none\" data-id=\"6415aa6\" data-element_type=\"column\">\n        <div class=\"elementor-widget-wrap\">\n                    \n                    <\/div>\n        <\/div>\n                <div class=\"elementor-column elementor-col-33 elementor-inner-column elementor-element elementor-element-9605bf1 ct-column-none col-offset-none col-color-offset-none\" data-id=\"9605bf1\" data-element_type=\"column\">\n        <div class=\"elementor-widget-wrap elementor-element-populated\">\n                    \n        \t\t<div class=\"elementor-element elementor-element-36d6b53 elementor-widget elementor-widget-ct_heading\" data-id=\"36d6b53\" data-element_type=\"widget\" data-widget_type=\"ct_heading.default\">\n\t\t\t\t<div class=\"elementor-widget-container\">\n\t\t\t\t\t<div id=\"ct_heading-36d6b53\" class=\"ct-heading h-align-center item-st-default highlight-style1\">\r\n  <div class=\"ct-heading--inner\"> \r\n    <div class=\"ct-inline-css\"  data-css=\"\r\n                                \">\r\n    <\/div>\r\n      <div class=\"item--text-below\">\r\n      <div class=\"ct-inline-css\"  data-css=\"\r\n        \">\r\n      <\/div>\r\n          <\/div>\r\n  \r\n\t\t\t<div class=\"item--sub-title style-icon-leftright \" data-wow-delay=\"ms\">\r\n                            <svg class=\"svg-left\" xmlns=\"http:\/\/www.w3.org\/2000\/svg\" xmlns:xlink=\"http:\/\/www.w3.org\/1999\/xlink\" width=\"33\" height=\"21\" viewBox=\"0 0 33 21\">\r\n                  <defs>\r\n                    <style>\r\n                      .h-cls-1, .h-cls-2 {\r\n                        fill: none;\r\n                        stroke-width: 3px;\r\n                        fill-rule: evenodd;\r\n                      }\r\n\r\n                      .h-cls-1 {\r\n                        filter: url(#filter);\r\n                      }\r\n\r\n                      .h-cls-2 {\r\n                        filter: url(#filter-2);\r\n                      }\r\n                    <\/style>\r\n                    <filter id=\"left-h-filterct_heading-36d6b53\" x=\"-0.125\" y=\"-0.094\" width=\"32.406\" height=\"12\" filterUnits=\"userSpaceOnUse\">\r\n                      <feFlood result=\"flood\"\/>\r\n                      <feComposite result=\"composite\" operator=\"in\" in2=\"SourceGraphic\"\/>\r\n                      <feBlend result=\"blend\" in2=\"SourceGraphic\"\/>\r\n                    <\/filter>\r\n                    <filter id=\"left-h-filter-2ct_heading-36d6b53\" x=\"-10\" y=\"14.594\" width=\"29.656\" height=\"6.406\" filterUnits=\"userSpaceOnUse\">\r\n                      <feFlood result=\"flood\"\/>\r\n                      <feComposite result=\"composite\" operator=\"in\" in2=\"SourceGraphic\"\/>\r\n                      <feBlend result=\"blend\" in2=\"SourceGraphic\"\/>\r\n                    <\/filter>\r\n\r\n                    <linearGradient id=\"left-h-grad1ct_heading-36d6b53\" x1=\"0%\" y1=\"0%\" x2=\"100%\" y2=\"0%\">\r\n                      <stop offset=\"0%\" style=\"stop-color:#27539b;stop-opacity:1\" \/>\r\n                      <stop offset=\"100%\" style=\"stop-color:#000000;stop-opacity:1\" \/>\r\n                    <\/linearGradient>\r\n\r\n                  <\/defs>\r\n                  <g>\r\n                    <g style=\"fill: none; filter: url(#left-h-filterct_heading-36d6b53)\">\r\n                      <path id=\"left-h-pathct_heading-36d6b53\" class=\"h-cls-1\" d=\"M-0.117,8.9H27.036s5.078-3.073,0-6.517\" style=\"stroke: inherit; filter: none;\"\/>\r\n                    <\/g>\r\n                    <use xlink:href=\"#left-h-pathct_heading-36d6b53\" style=\"stroke: url(#left-h-grad1ct_heading-36d6b53); filter: none; fill: none\"\/>\r\n                    <g style=\"fill: none; filter: url(#left-h-filter-2ct_heading-36d6b53)\">\r\n                      <path id=\"left-h-bgct_heading-36d6b53\" class=\"h-cls-2\" d=\"M-9.991,14.594H17.352s5.114,3.027,0,6.422\" style=\"stroke: inherit; filter: none;\"\/>\r\n                    <\/g>\r\n                    <use xlink:href=\"#left-h-bgct_heading-36d6b53\" style=\"stroke: url(#left-h-grad1ct_heading-36d6b53); filter: none; fill: none\"\/>\r\n                  <\/g>\r\n                <\/svg>\r\n                        <span>\r\n                Bienvenidos a nuestros            <\/span>\r\n                            <svg class=\"svg-right\" xmlns=\"http:\/\/www.w3.org\/2000\/svg\" xmlns:xlink=\"http:\/\/www.w3.org\/1999\/xlink\" width=\"33\" height=\"21\" viewBox=\"0 0 33 21\">\r\n                  <defs>\r\n                    <style>\r\n                      .h-cls-1, .h-cls-2 {\r\n                        fill: none;\r\n                        stroke-width: 3px;\r\n                        fill-rule: evenodd;\r\n                      }\r\n\r\n                      .h-cls-1 {\r\n                        filter: url(#filter);\r\n                      }\r\n\r\n                      .h-cls-2 {\r\n                        filter: url(#filter-2);\r\n                      }\r\n                    <\/style>\r\n                    <filter id=\"right-h-filterct_heading-36d6b53\" x=\"-0.125\" y=\"-0.094\" width=\"32.406\" height=\"12\" filterUnits=\"userSpaceOnUse\">\r\n                      <feFlood result=\"flood\"\/>\r\n                      <feComposite result=\"composite\" operator=\"in\" in2=\"SourceGraphic\"\/>\r\n                      <feBlend result=\"blend\" in2=\"SourceGraphic\"\/>\r\n                    <\/filter>\r\n                    <filter id=\"right-h-filter-2ct_heading-36d6b53\" x=\"-10\" y=\"14.594\" width=\"29.656\" height=\"6.406\" filterUnits=\"userSpaceOnUse\">\r\n                      <feFlood result=\"flood\"\/>\r\n                      <feComposite result=\"composite\" operator=\"in\" in2=\"SourceGraphic\"\/>\r\n                      <feBlend result=\"blend\" in2=\"SourceGraphic\"\/>\r\n                    <\/filter>\r\n\r\n                    <linearGradient id=\"right-h-grad1ct_heading-36d6b53\" x1=\"0%\" y1=\"0%\" x2=\"100%\" y2=\"0%\">\r\n                      <stop offset=\"0%\" style=\"stop-color:#27539b;stop-opacity:1\" \/>\r\n                      <stop offset=\"100%\" style=\"stop-color:#000000;stop-opacity:1\" \/>\r\n                    <\/linearGradient>\r\n\r\n                  <\/defs>\r\n                  <g>\r\n                    <g style=\"fill: none; filter: url(#right-h-filterct_heading-36d6b53)\">\r\n                      <path id=\"right-h-pathct_heading-36d6b53\" class=\"h-cls-1\" d=\"M-0.117,8.9H27.036s5.078-3.073,0-6.517\" style=\"stroke: inherit; filter: none;\"\/>\r\n                    <\/g>\r\n                    <use xlink:href=\"#right-h-pathct_heading-36d6b53\" style=\"stroke: url(#right-h-grad1ct_heading-36d6b53); filter: none; fill: none\"\/>\r\n                    <g style=\"fill: none; filter: url(#right-h-filter-2ct_heading-36d6b53)\">\r\n                      <path id=\"right-h-bgct_heading-36d6b53\" class=\"h-cls-2\" d=\"M-9.991,14.594H17.352s5.114,3.027,0,6.422\" style=\"stroke: inherit; filter: none;\"\/>\r\n                    <\/g>\r\n                    <use xlink:href=\"#right-h-bgct_heading-36d6b53\" style=\"stroke: url(#right-h-grad1ct_heading-36d6b53); filter: none; fill: none\"\/>\r\n                  <\/g>\r\n                <\/svg>\r\n                    <\/div>\r\n\t    <h3 class=\"item--title st-default \" data-wow-delay=\"ms\">\r\n        <span class=\"ct-text-inner\">Distribuci\u00f3n de Servicios<\/span>    <\/h3>\r\n  <\/div>\r\n<\/div>\r\n\t\t\t\t<\/div>\n\t\t\t\t<\/div>\n\t\t            <\/div>\n        <\/div>\n                <div class=\"elementor-column elementor-col-33 elementor-inner-column elementor-element elementor-element-3e01f69 ct-column-none col-offset-none col-color-offset-none\" data-id=\"3e01f69\" data-element_type=\"column\">\n        <div class=\"elementor-widget-wrap\">\n                    \n                    <\/div>\n        <\/div>\n                    <\/div>\n        <\/section>\n        \t\t<div class=\"elementor-element elementor-element-0ead13d elementor-widget elementor-widget-ct_service_grid\" data-id=\"0ead13d\" data-element_type=\"widget\" data-widget_type=\"ct_service_grid.default\">\n\t\t\t\t<div class=\"elementor-widget-container\">\n\t\t\t\t\t\r\n<div id=\"ct_service_grid-0ead13d\" class=\"ct-grid ct-service-grid1\" data-layout=\"masonry\" data-start-page=\"1\" data-max-pages=\"1\" data-total=\"5\" data-perpage=\"8\" data-next-link=\"\">\r\n    \r\n    <div class=\"ct-grid-inner ct-grid-masonry row animate-time\" data-gutter=\"15\">\r\n                            <div class=\"grid-item col-xl-3 col-lg-3 col-md-6 col-sm-6 col-12 \">\r\n                        <div class=\"grid-item-inner \" data-wow-duration=\"1.2s\"> \r\n                            <div class=\"item--featured\">\r\n                                <a href=\"https:\/\/chdigroup.com\/electricidad\/service\/sistemas\/\"><img fetchpriority=\"high\" decoding=\"async\" class=\"no-lazyload \" src=\"https:\/\/chdigroup.com\/electricidad\/wp-content\/uploads\/2024\/09\/eg2-600x678.jpg\" width=\"600\" height=\"678\" alt=\"eg2\" title=\"eg2\" \/><\/a>\r\n                            <\/div>\r\n                            <div class=\"item--meta\">\r\n                                                                                                                                    <h3 class=\"item--title\">\r\n                                        Suministros de Comunicaci\u00f3n y Control de sistemas                                    <\/h3>\r\n                                                            <\/div>\r\n                            <div class=\"item--holder\">\r\n                                <div class=\"item--holder-inner\">\r\n                                                                            <h3 class=\"item--title\">\r\n                                            <a href=\"https:\/\/chdigroup.com\/electricidad\/service\/sistemas\/\">                                                Suministros de Comunicaci\u00f3n y Control de sistemas                                            <\/a>                                        <\/h3>\r\n                                                                                                                                                    <div class=\"item-readmore\">\r\n                                            <a class=\"btn btn-primary\" href=\"https:\/\/chdigroup.com\/electricidad\/service\/sistemas\/\">VER SERVICIO<\/a>\r\n                                        <\/div>\r\n                                                                    <\/div>\r\n                            <\/div>\r\n                        <\/div>\r\n                    <\/div>\r\n                                    <div class=\"grid-item col-xl-3 col-lg-3 col-md-6 col-sm-6 col-12 \">\r\n                        <div class=\"grid-item-inner \" data-wow-duration=\"1.2s\"> \r\n                            <div class=\"item--featured\">\r\n                                <a href=\"https:\/\/chdigroup.com\/electricidad\/service\/sep\/\"><img decoding=\"async\" class=\"no-lazyload \" src=\"https:\/\/chdigroup.com\/electricidad\/wp-content\/uploads\/2024\/09\/sept-600x678.jpg\" width=\"600\" height=\"678\" alt=\"High voltage power transformer. Electrical Substation and equipment\" title=\"high-voltage power transformer\" \/><\/a>\r\n                            <\/div>\r\n                            <div class=\"item--meta\">\r\n                                                                                                                                    <h3 class=\"item--title\">\r\n                                        Suministros para SEP                                    <\/h3>\r\n                                                            <\/div>\r\n                            <div class=\"item--holder\">\r\n                                <div class=\"item--holder-inner\">\r\n                                                                            <h3 class=\"item--title\">\r\n                                            <a href=\"https:\/\/chdigroup.com\/electricidad\/service\/sep\/\">                                                Suministros para SEP                                            <\/a>                                        <\/h3>\r\n                                                                                                                                                    <div class=\"item-readmore\">\r\n                                            <a class=\"btn btn-primary\" href=\"https:\/\/chdigroup.com\/electricidad\/service\/sep\/\">VER SERVICIO<\/a>\r\n                                        <\/div>\r\n                                                                    <\/div>\r\n                            <\/div>\r\n                        <\/div>\r\n                    <\/div>\r\n                                    <div class=\"grid-item col-xl-3 col-lg-3 col-md-6 col-sm-6 col-12 \">\r\n                        <div class=\"grid-item-inner \" data-wow-duration=\"1.2s\"> \r\n                            <div class=\"item--featured\">\r\n                                <a href=\"https:\/\/chdigroup.com\/electricidad\/service\/licencias\/\"><img decoding=\"async\" class=\"no-lazyload \" src=\"https:\/\/chdigroup.com\/electricidad\/wp-content\/uploads\/2024\/09\/lic1-600x678.jpg\" width=\"600\" height=\"678\" alt=\"Person hand typing on digital tablet with login and password and fingerprint on screen display, cyber security concept, data protection and secured internet access.\" title=\"Person hand typing on digital tablet with login and password and\" \/><\/a>\r\n                            <\/div>\r\n                            <div class=\"item--meta\">\r\n                                                                                                                                    <h3 class=\"item--title\">\r\n                                        Suministro de Licencias                                    <\/h3>\r\n                                                            <\/div>\r\n                            <div class=\"item--holder\">\r\n                                <div class=\"item--holder-inner\">\r\n                                                                            <h3 class=\"item--title\">\r\n                                            <a href=\"https:\/\/chdigroup.com\/electricidad\/service\/licencias\/\">                                                Suministro de Licencias                                            <\/a>                                        <\/h3>\r\n                                                                                                                                                    <div class=\"item-readmore\">\r\n                                            <a class=\"btn btn-primary\" href=\"https:\/\/chdigroup.com\/electricidad\/service\/licencias\/\">VER SERVICIO<\/a>\r\n                                        <\/div>\r\n                                                                    <\/div>\r\n                            <\/div>\r\n                        <\/div>\r\n                    <\/div>\r\n                                    <div class=\"grid-item col-xl-3 col-lg-3 col-md-6 col-sm-6 col-12 \">\r\n                        <div class=\"grid-item-inner \" data-wow-duration=\"1.2s\"> \r\n                            <div class=\"item--featured\">\r\n                                <a href=\"https:\/\/chdigroup.com\/electricidad\/service\/fabricacion-de-gabinetes-de-proteccion-y-control\/\"><img loading=\"lazy\" decoding=\"async\" class=\"no-lazyload \" src=\"https:\/\/chdigroup.com\/electricidad\/wp-content\/uploads\/2024\/09\/ele1-600x678.jpg\" width=\"600\" height=\"678\" alt=\"ele1\" title=\"ele1\" \/><\/a>\r\n                            <\/div>\r\n                            <div class=\"item--meta\">\r\n                                                                                                                                    <h3 class=\"item--title\">\r\n                                        Fabricaci\u00f3n de gabinetes de protecci\u00f3n y control                                    <\/h3>\r\n                                                            <\/div>\r\n                            <div class=\"item--holder\">\r\n                                <div class=\"item--holder-inner\">\r\n                                                                            <h3 class=\"item--title\">\r\n                                            <a href=\"https:\/\/chdigroup.com\/electricidad\/service\/fabricacion-de-gabinetes-de-proteccion-y-control\/\">                                                Fabricaci\u00f3n de gabinetes de protecci\u00f3n y control                                            <\/a>                                        <\/h3>\r\n                                                                                                                                                    <div class=\"item-readmore\">\r\n                                            <a class=\"btn btn-primary\" href=\"https:\/\/chdigroup.com\/electricidad\/service\/fabricacion-de-gabinetes-de-proteccion-y-control\/\">VER SERVICIO<\/a>\r\n                                        <\/div>\r\n                                                                    <\/div>\r\n                            <\/div>\r\n                        <\/div>\r\n                    <\/div>\r\n                                    <div class=\"grid-item col-xl-3 col-lg-3 col-md-6 col-sm-6 col-12 \">\r\n                        <div class=\"grid-item-inner \" data-wow-duration=\"1.2s\"> \r\n                            <div class=\"item--featured\">\r\n                                <a href=\"https:\/\/chdigroup.com\/electricidad\/service\/tableros\/\"><img loading=\"lazy\" decoding=\"async\" class=\"no-lazyload \" src=\"https:\/\/chdigroup.com\/electricidad\/wp-content\/uploads\/2024\/09\/table-600x678.jpg\" width=\"600\" height=\"678\" alt=\"Control panel with circuit-breakers (fuse)\" title=\"Control panel with circuit-breakers1\" \/><\/a>\r\n                            <\/div>\r\n                            <div class=\"item--meta\">\r\n                                                                                                                                    <h3 class=\"item--title\">\r\n                                        Fabricaci\u00f3n de tableros de patio Sub estaci\u00f3n                                    <\/h3>\r\n                                                            <\/div>\r\n                            <div class=\"item--holder\">\r\n                                <div class=\"item--holder-inner\">\r\n                                                                            <h3 class=\"item--title\">\r\n                                            <a href=\"https:\/\/chdigroup.com\/electricidad\/service\/tableros\/\">                                                Fabricaci\u00f3n de tableros de patio Sub estaci\u00f3n                                            <\/a>                                        <\/h3>\r\n                                                                                                                                                    <div class=\"item-readmore\">\r\n                                            <a class=\"btn btn-primary\" href=\"https:\/\/chdigroup.com\/electricidad\/service\/tableros\/\">VER SERVICIO<\/a>\r\n                                        <\/div>\r\n                                                                    <\/div>\r\n                            <\/div>\r\n                        <\/div>\r\n                    <\/div>\r\n                                    <div class=\"grid-sizer col-xl-3 col-lg-3 col-md-6 col-sm-6 col-12\"><\/div>\r\n            <\/div>\r\n        <\/div>\t\t\t\t<\/div>\n\t\t\t\t<\/div>\n\t\t            <\/div>\n        <\/div>\n                    <\/div>\n        <\/section>\n        \t\t<\/div>\n\t\t","protected":false},"excerpt":{"rendered":"<p>Bienvenidos a nuestros Distribuci\u00f3n de Servicios Fabricaci\u00f3n de gabinetes de protecci\u00f3n y control Fabricaci\u00f3n de gabinetes de protecci\u00f3n y control VER SERVICIO<\/p>\n","protected":false},"author":1,"featured_media":0,"parent":0,"menu_order":0,"comment_status":"closed","ping_status":"closed","template":"","meta":{"footnotes":""},"class_list":["post-10370","page","type-page","status-publish","hentry"],"_links":{"self":[{"href":"https:\/\/chdigroup.com\/electricidad\/wp-json\/wp\/v2\/pages\/10370","targetHints":{"allow":["GET"]}}],"collection":[{"href":"https:\/\/chdigroup.com\/electricidad\/wp-json\/wp\/v2\/pages"}],"about":[{"href":"https:\/\/chdigroup.com\/electricidad\/wp-json\/wp\/v2\/types\/page"}],"author":[{"embeddable":true,"href":"https:\/\/chdigroup.com\/electricidad\/wp-json\/wp\/v2\/users\/1"}],"replies":[{"embeddable":true,"href":"https:\/\/chdigroup.com\/electricidad\/wp-json\/wp\/v2\/comments?post=10370"}],"version-history":[{"count":7,"href":"https:\/\/chdigroup.com\/electricidad\/wp-json\/wp\/v2\/pages\/10370\/revisions"}],"predecessor-version":[{"id":10381,"href":"https:\/\/chdigroup.com\/electricidad\/wp-json\/wp\/v2\/pages\/10370\/revisions\/10381"}],"wp:attachment":[{"href":"https:\/\/chdigroup.com\/electricidad\/wp-json\/wp\/v2\/media?parent=10370"}],"curies":[{"name":"wp","href":"https:\/\/api.w.org\/{rel}","templated":true}]}}