{"id":33,"date":"2021-09-23T03:28:10","date_gmt":"2021-09-23T03:28:10","guid":{"rendered":"https:\/\/demo.casethemes.net\/itfirm\/?page_id=33"},"modified":"2024-10-01T17:35:55","modified_gmt":"2024-10-01T20:35:55","slug":"empresa","status":"publish","type":"page","link":"https:\/\/chdigroup.com\/electricidad\/empresa\/","title":{"rendered":"Sobre Nosotros"},"content":{"rendered":"\t\t<div data-elementor-type=\"wp-page\" data-elementor-id=\"33\" class=\"elementor elementor-33\">\n\t\t\t\t        <section class=\"elementor-section elementor-top-section elementor-element elementor-element-5099d28 elementor-section-boxed elementor-section-height-default elementor-section-height-default ct-header-fixed-none ct-column-none ct-row-scroll-none ct-row-gradient--none\" data-id=\"5099d28\" data-element_type=\"section\">\n            \n                        <div class=\"elementor-container elementor-column-gap-extended \">\n                    <div class=\"elementor-column elementor-col-50 elementor-top-column elementor-element elementor-element-3cf6c49 ct-column-none col-offset-none col-color-offset-none\" data-id=\"3cf6c49\" data-element_type=\"column\">\n        <div class=\"elementor-widget-wrap elementor-element-populated\">\n                    \n        \t\t<div class=\"elementor-element elementor-element-667d501 elementor-widget__width-initial elementor-widget elementor-widget-image\" data-id=\"667d501\" data-element_type=\"widget\" data-widget_type=\"image.default\">\n\t\t\t\t<div class=\"elementor-widget-container\">\n\t\t\t\t\t\t\t\t\t\t\t\t\t\t\t<img fetchpriority=\"high\" decoding=\"async\" width=\"600\" height=\"371\" src=\"https:\/\/chdigroup.com\/electricidad\/wp-content\/uploads\/2024\/09\/logo-AZUL.png\" class=\"attachment-large size-large wp-image-10243\" alt=\"\" srcset=\"https:\/\/chdigroup.com\/electricidad\/wp-content\/uploads\/2024\/09\/logo-AZUL.png 600w, https:\/\/chdigroup.com\/electricidad\/wp-content\/uploads\/2024\/09\/logo-AZUL-300x186.png 300w\" sizes=\"(max-width: 600px) 100vw, 600px\" \/>\t\t\t\t\t\t\t\t\t\t\t\t\t\t\t<\/div>\n\t\t\t\t<\/div>\n\t\t\t\t<div class=\"elementor-element elementor-element-461d76b4 elementor-widget elementor-widget-ct_heading\" data-id=\"461d76b4\" data-element_type=\"widget\" data-widget_type=\"ct_heading.default\">\n\t\t\t\t<div class=\"elementor-widget-container\">\n\t\t\t\t\t<div id=\"ct_heading-461d76b4\" class=\"ct-heading h-align- item-st-default highlight-style1\">\r\n  <div class=\"ct-heading--inner\"> \r\n    <div class=\"ct-inline-css\"  data-css=\"\r\n                                \">\r\n    <\/div>\r\n      <div class=\"item--text-below\">\r\n      <div class=\"ct-inline-css\"  data-css=\"\r\n        \">\r\n      <\/div>\r\n          <\/div>\r\n  \r\n\t\t\t<div class=\"item--sub-title style-icon-right \" data-wow-delay=\"ms\">\r\n                        <span>\r\n                Sobre Nuestra Empresa            <\/span>\r\n                            <svg class=\"svg-right\" xmlns=\"http:\/\/www.w3.org\/2000\/svg\" xmlns:xlink=\"http:\/\/www.w3.org\/1999\/xlink\" width=\"33\" height=\"21\" viewBox=\"0 0 33 21\">\r\n                  <defs>\r\n                    <style>\r\n                      .h-cls-1, .h-cls-2 {\r\n                        fill: none;\r\n                        stroke-width: 3px;\r\n                        fill-rule: evenodd;\r\n                      }\r\n\r\n                      .h-cls-1 {\r\n                        filter: url(#filter);\r\n                      }\r\n\r\n                      .h-cls-2 {\r\n                        filter: url(#filter-2);\r\n                      }\r\n                    <\/style>\r\n                    <filter id=\"right-h-filterct_heading-461d76b4\" x=\"-0.125\" y=\"-0.094\" width=\"32.406\" height=\"12\" filterUnits=\"userSpaceOnUse\">\r\n                      <feFlood result=\"flood\"\/>\r\n                      <feComposite result=\"composite\" operator=\"in\" in2=\"SourceGraphic\"\/>\r\n                      <feBlend result=\"blend\" in2=\"SourceGraphic\"\/>\r\n                    <\/filter>\r\n                    <filter id=\"right-h-filter-2ct_heading-461d76b4\" x=\"-10\" y=\"14.594\" width=\"29.656\" height=\"6.406\" filterUnits=\"userSpaceOnUse\">\r\n                      <feFlood result=\"flood\"\/>\r\n                      <feComposite result=\"composite\" operator=\"in\" in2=\"SourceGraphic\"\/>\r\n                      <feBlend result=\"blend\" in2=\"SourceGraphic\"\/>\r\n                    <\/filter>\r\n\r\n                    <linearGradient id=\"right-h-grad1ct_heading-461d76b4\" x1=\"0%\" y1=\"0%\" x2=\"100%\" y2=\"0%\">\r\n                      <stop offset=\"0%\" style=\"stop-color:#27539b;stop-opacity:1\" \/>\r\n                      <stop offset=\"100%\" style=\"stop-color:#000000;stop-opacity:1\" \/>\r\n                    <\/linearGradient>\r\n\r\n                  <\/defs>\r\n                  <g>\r\n                    <g style=\"fill: none; filter: url(#right-h-filterct_heading-461d76b4)\">\r\n                      <path id=\"right-h-pathct_heading-461d76b4\" class=\"h-cls-1\" d=\"M-0.117,8.9H27.036s5.078-3.073,0-6.517\" style=\"stroke: inherit; filter: none;\"\/>\r\n                    <\/g>\r\n                    <use xlink:href=\"#right-h-pathct_heading-461d76b4\" style=\"stroke: url(#right-h-grad1ct_heading-461d76b4); filter: none; fill: none\"\/>\r\n                    <g style=\"fill: none; filter: url(#right-h-filter-2ct_heading-461d76b4)\">\r\n                      <path id=\"right-h-bgct_heading-461d76b4\" class=\"h-cls-2\" d=\"M-9.991,14.594H17.352s5.114,3.027,0,6.422\" style=\"stroke: inherit; filter: none;\"\/>\r\n                    <\/g>\r\n                    <use xlink:href=\"#right-h-bgct_heading-461d76b4\" style=\"stroke: url(#right-h-grad1ct_heading-461d76b4); filter: none; fill: none\"\/>\r\n                  <\/g>\r\n                <\/svg>\r\n                    <\/div>\r\n\t    <h3 class=\"item--title st-default \" data-wow-delay=\"ms\">\r\n        <span class=\"ct-text-inner\">CHD         <cite class=\"ct-text-highlight\">\r\n            IGROUP        <\/cite>\r\n         <\/span>    <\/h3>\r\n  <\/div>\r\n<\/div>\r\n\t\t\t\t<\/div>\n\t\t\t\t<\/div>\n\t\t\t\t<div class=\"elementor-element elementor-element-6ce4e8d elementor-widget elementor-widget-ct_text_editor\" data-id=\"6ce4e8d\" data-element_type=\"widget\" data-widget_type=\"ct_text_editor.default\">\n\t\t\t\t<div class=\"elementor-widget-container\">\n\t\t\t\t\t<div id=\"ct_text_editor-6ce4e8d\" class=\"ct-text-editor \" data-wow-delay=\"ms\">\n\t<div class=\"ct-item--inner\">\n\t\t<div class=\"ct-inline-css\"  data-css=\"\n\t        \t\t\t\">\n\n\t    <\/div>\n\t\t<div class=\"ct-text-editor elementor-clearfix\">\n\t\t\t<p>En nuestra l\u00ednea de P<strong>royectos e Ingenier\u00eda El\u00e9ctrica<\/strong>, dise\u00f1amos e implementamos sistemas el\u00e9ctricos para instalaciones industriales y comerciales. Nos especializamos en proyectos a medida que integran las \u00faltimas tecnolog\u00edas en automatizaci\u00f3n y eficiencia energ\u00e9tica. Nuestra experiencia en soluciones el\u00e9ctricas complejas nos permite ofrecer a nuestros clientes dise\u00f1os optimizados que maximizan la seguridad, la durabilidad y la eficiencia operativa.<\/p>\t\t\n\t\t<\/div>\n\t<\/div>\n<\/div>\t\t\t\t<\/div>\n\t\t\t\t<\/div>\n\t\t\t\t<div class=\"elementor-element elementor-element-75763cc elementor-widget__width-initial elementor-widget elementor-widget-image\" data-id=\"75763cc\" data-element_type=\"widget\" data-widget_type=\"image.default\">\n\t\t\t\t<div class=\"elementor-widget-container\">\n\t\t\t\t\t\t\t\t\t\t\t\t\t\t\t<img decoding=\"async\" width=\"640\" height=\"428\" src=\"https:\/\/chdigroup.com\/electricidad\/wp-content\/uploads\/2024\/09\/mod2-1024x684.jpg\" class=\"attachment-large size-large wp-image-10285\" alt=\"\" srcset=\"https:\/\/chdigroup.com\/electricidad\/wp-content\/uploads\/2024\/09\/mod2-1024x684.jpg 1024w, https:\/\/chdigroup.com\/electricidad\/wp-content\/uploads\/2024\/09\/mod2-300x200.jpg 300w, https:\/\/chdigroup.com\/electricidad\/wp-content\/uploads\/2024\/09\/mod2-768x513.jpg 768w, https:\/\/chdigroup.com\/electricidad\/wp-content\/uploads\/2024\/09\/mod2-1536x1026.jpg 1536w, https:\/\/chdigroup.com\/electricidad\/wp-content\/uploads\/2024\/09\/mod2-600x401.jpg 600w, https:\/\/chdigroup.com\/electricidad\/wp-content\/uploads\/2024\/09\/mod2.jpg 1920w\" sizes=\"(max-width: 640px) 100vw, 640px\" \/>\t\t\t\t\t\t\t\t\t\t\t\t\t\t\t<\/div>\n\t\t\t\t<\/div>\n\t\t            <\/div>\n        <\/div>\n                <div class=\"elementor-column elementor-col-50 elementor-top-column elementor-element elementor-element-244f4bd ct-column-none col-offset-none col-color-offset-none\" data-id=\"244f4bd\" data-element_type=\"column\">\n        <div class=\"elementor-widget-wrap elementor-element-populated\">\n                    \n        \t\t<div class=\"elementor-element elementor-element-9977bd5 elementor-widget elementor-widget-ct_banner\" data-id=\"9977bd5\" data-element_type=\"widget\" data-widget_type=\"ct_banner.default\">\n\t\t\t\t<div class=\"elementor-widget-container\">\n\t\t\t\t\t\t<div id=\"ct_banner-9977bd5\" class=\"ct-banner ct-banner4 \" data-wow-delay=\"ms\">\r\n\t\t<div class=\"ct-banner-inner\">\r\n\t\t\t<div class=\"ct-banner-image\">\r\n\t\t\t\t<img decoding=\"async\" width=\"1920\" height=\"1280\" src=\"https:\/\/chdigroup.com\/electricidad\/wp-content\/uploads\/2024\/09\/electr3.jpg\" class=\"attachment-full\" alt=\"\" \/>\t\t\t<\/div>\r\n\t\t\t\t\t\t<h5 class=\"item--title el-empty\">Proyectos El\u00e9ctricos<\/h5>\r\n\t\t<\/div>\r\n\t<\/div>\r\n\t\t\t\t<\/div>\n\t\t\t\t<\/div>\n\t\t\t\t<div class=\"elementor-element elementor-element-3955de5 elementor-widget elementor-widget-ct_banner\" data-id=\"3955de5\" data-element_type=\"widget\" data-widget_type=\"ct_banner.default\">\n\t\t\t\t<div class=\"elementor-widget-container\">\n\t\t\t\t\t\t<div id=\"ct_banner-3955de5\" class=\"ct-banner ct-banner4 \" data-wow-delay=\"ms\">\r\n\t\t<div class=\"ct-banner-inner\">\r\n\t\t\t<div class=\"ct-banner-image\">\r\n\t\t\t\t<img loading=\"lazy\" decoding=\"async\" width=\"1920\" height=\"1280\" src=\"https:\/\/chdigroup.com\/electricidad\/wp-content\/uploads\/2024\/09\/elect1.jpg\" class=\"attachment-full\" alt=\"\" \/>\t\t\t<\/div>\r\n\t\t\t\t\t\t<h5 class=\"item--title el-empty\">Desarrollo de Proyectos<\/h5>\r\n\t\t<\/div>\r\n\t<\/div>\r\n\t\t\t\t<\/div>\n\t\t\t\t<\/div>\n\t\t\t\t<div class=\"elementor-element elementor-element-4114249 elementor-widget elementor-widget-ct_banner\" data-id=\"4114249\" data-element_type=\"widget\" data-widget_type=\"ct_banner.default\">\n\t\t\t\t<div class=\"elementor-widget-container\">\n\t\t\t\t\t\t<div id=\"ct_banner-4114249\" class=\"ct-banner ct-banner4 \" data-wow-delay=\"ms\">\r\n\t\t<div class=\"ct-banner-inner\">\r\n\t\t\t<div class=\"ct-banner-image\">\r\n\t\t\t\t<img loading=\"lazy\" decoding=\"async\" width=\"1920\" height=\"1278\" src=\"https:\/\/chdigroup.com\/electricidad\/wp-content\/uploads\/2024\/09\/ertyx.jpg\" class=\"attachment-full\" alt=\"\" \/>\t\t\t<\/div>\r\n\t\t\t\t\t\t<h5 class=\"item--title el-empty\">Asesor\u00edas<\/h5>\r\n\t\t<\/div>\r\n\t<\/div>\r\n\t\t\t\t<\/div>\n\t\t\t\t<\/div>\n\t\t\t\t<div class=\"elementor-element elementor-element-6ee0aad elementor-widget elementor-widget-ct_banner\" data-id=\"6ee0aad\" data-element_type=\"widget\" data-widget_type=\"ct_banner.default\">\n\t\t\t\t<div class=\"elementor-widget-container\">\n\t\t\t\t\t\t<div id=\"ct_banner-6ee0aad\" class=\"ct-banner ct-banner4 \" data-wow-delay=\"ms\">\r\n\t\t<div class=\"ct-banner-inner\">\r\n\t\t\t<div class=\"ct-banner-image\">\r\n\t\t\t\t<img loading=\"lazy\" decoding=\"async\" width=\"1920\" height=\"1280\" src=\"https:\/\/chdigroup.com\/electricidad\/wp-content\/uploads\/2024\/09\/electr2.jpg\" class=\"attachment-full\" alt=\"\" \/>\t\t\t<\/div>\r\n\t\t\t\t\t\t<h5 class=\"item--title el-empty\">Servicios Profesionales<\/h5>\r\n\t\t<\/div>\r\n\t<\/div>\r\n\t\t\t\t<\/div>\n\t\t\t\t<\/div>\n\t\t            <\/div>\n        <\/div>\n                    <\/div>\n        <\/section>\n                <section class=\"elementor-section elementor-top-section elementor-element elementor-element-8471de7 elementor-section-stretched elementor-section-boxed elementor-section-height-default elementor-section-height-default ct-header-fixed-none ct-column-none ct-row-scroll-none ct-row-gradient--none\" data-id=\"8471de7\" data-element_type=\"section\" data-settings=\"{&quot;stretch_section&quot;:&quot;section-stretched&quot;,&quot;background_background&quot;:&quot;classic&quot;}\">\n            \n                        <div class=\"elementor-container elementor-column-gap-extended \">\n                    <div class=\"elementor-column elementor-col-50 elementor-top-column elementor-element elementor-element-df51e7f ct-column-none col-offset-none col-color-offset-none\" data-id=\"df51e7f\" data-element_type=\"column\">\n        <div class=\"elementor-widget-wrap elementor-element-populated\">\n                    \n        \t\t<div class=\"elementor-element elementor-element-1933fbea elementor-widget elementor-widget-ct_heading\" data-id=\"1933fbea\" data-element_type=\"widget\" data-widget_type=\"ct_heading.default\">\n\t\t\t\t<div class=\"elementor-widget-container\">\n\t\t\t\t\t<div id=\"ct_heading-1933fbea\" class=\"ct-heading h-align- item-st-default highlight-style1\">\r\n  <div class=\"ct-heading--inner\"> \r\n    <div class=\"ct-inline-css\"  data-css=\"\r\n                                \">\r\n    <\/div>\r\n      <div class=\"item--text-below\">\r\n      <div class=\"ct-inline-css\"  data-css=\"\r\n        \">\r\n      <\/div>\r\n          <\/div>\r\n  \r\n\t\t\t<div class=\"item--sub-title style-icon-right \" data-wow-delay=\"ms\">\r\n                        <span>\r\n                Cotizar Nuestros Servicios            <\/span>\r\n                            <svg class=\"svg-right\" xmlns=\"http:\/\/www.w3.org\/2000\/svg\" xmlns:xlink=\"http:\/\/www.w3.org\/1999\/xlink\" width=\"33\" height=\"21\" viewBox=\"0 0 33 21\">\r\n                  <defs>\r\n                    <style>\r\n                      .h-cls-1, .h-cls-2 {\r\n                        fill: none;\r\n                        stroke-width: 3px;\r\n                        fill-rule: evenodd;\r\n                      }\r\n\r\n                      .h-cls-1 {\r\n                        filter: url(#filter);\r\n                      }\r\n\r\n                      .h-cls-2 {\r\n                        filter: url(#filter-2);\r\n                      }\r\n                    <\/style>\r\n                    <filter id=\"right-h-filterct_heading-1933fbea\" x=\"-0.125\" y=\"-0.094\" width=\"32.406\" height=\"12\" filterUnits=\"userSpaceOnUse\">\r\n                      <feFlood result=\"flood\"\/>\r\n                      <feComposite result=\"composite\" operator=\"in\" in2=\"SourceGraphic\"\/>\r\n                      <feBlend result=\"blend\" in2=\"SourceGraphic\"\/>\r\n                    <\/filter>\r\n                    <filter id=\"right-h-filter-2ct_heading-1933fbea\" x=\"-10\" y=\"14.594\" width=\"29.656\" height=\"6.406\" filterUnits=\"userSpaceOnUse\">\r\n                      <feFlood result=\"flood\"\/>\r\n                      <feComposite result=\"composite\" operator=\"in\" in2=\"SourceGraphic\"\/>\r\n                      <feBlend result=\"blend\" in2=\"SourceGraphic\"\/>\r\n                    <\/filter>\r\n\r\n                    <linearGradient id=\"right-h-grad1ct_heading-1933fbea\" x1=\"0%\" y1=\"0%\" x2=\"100%\" y2=\"0%\">\r\n                      <stop offset=\"0%\" style=\"stop-color:#27539b;stop-opacity:1\" \/>\r\n                      <stop offset=\"100%\" style=\"stop-color:#000000;stop-opacity:1\" \/>\r\n                    <\/linearGradient>\r\n\r\n                  <\/defs>\r\n                  <g>\r\n                    <g style=\"fill: none; filter: url(#right-h-filterct_heading-1933fbea)\">\r\n                      <path id=\"right-h-pathct_heading-1933fbea\" class=\"h-cls-1\" d=\"M-0.117,8.9H27.036s5.078-3.073,0-6.517\" style=\"stroke: inherit; filter: none;\"\/>\r\n                    <\/g>\r\n                    <use xlink:href=\"#right-h-pathct_heading-1933fbea\" style=\"stroke: url(#right-h-grad1ct_heading-1933fbea); filter: none; fill: none\"\/>\r\n                    <g style=\"fill: none; filter: url(#right-h-filter-2ct_heading-1933fbea)\">\r\n                      <path id=\"right-h-bgct_heading-1933fbea\" class=\"h-cls-2\" d=\"M-9.991,14.594H17.352s5.114,3.027,0,6.422\" style=\"stroke: inherit; filter: none;\"\/>\r\n                    <\/g>\r\n                    <use xlink:href=\"#right-h-bgct_heading-1933fbea\" style=\"stroke: url(#right-h-grad1ct_heading-1933fbea); filter: none; fill: none\"\/>\r\n                  <\/g>\r\n                <\/svg>\r\n                    <\/div>\r\n\t    <h3 class=\"item--title st-default \" data-wow-delay=\"ms\">\r\n        <span class=\"ct-text-inner\">\u00bfNecesita  de         <cite class=\"ct-text-highlight\">\r\n            nuestros servicios?        <\/cite>\r\n        \n<\/span>    <\/h3>\r\n  <\/div>\r\n<\/div>\r\n\t\t\t\t<\/div>\n\t\t\t\t<\/div>\n\t\t\t\t<div class=\"elementor-element elementor-element-6a1a17e elementor-widget__width-auto elementor-widget elementor-widget-ct_text_editor\" data-id=\"6a1a17e\" data-element_type=\"widget\" data-widget_type=\"ct_text_editor.default\">\n\t\t\t\t<div class=\"elementor-widget-container\">\n\t\t\t\t\t<div id=\"ct_text_editor-6a1a17e\" class=\"ct-text-editor \" data-wow-delay=\"ms\">\n\t<div class=\"ct-item--inner\">\n\t\t<div class=\"ct-inline-css\"  data-css=\"\n\t        \t\t\t\t            #ct_text_editor-6a1a17e .ct-text-editor {\n\t                background-image: -webkit-gradient(linear, left top, left bottom, from(#020202), to(#000000));\n\t\t\t\t\tbackground-image: -webkit-linear-gradient(to left, #020202, #000000);\n\t\t\t\t\tbackground-image: -moz-linear-gradient(to left, #020202, #000000);\n\t\t\t\t\tbackground-image: -ms-linear-gradient(to left, #020202, #000000);\n\t\t\t\t\tbackground-image: -o-linear-gradient(to left, #020202, #000000);\n\t\t\t\t\tbackground-image: linear-gradient(to left, #020202, #000000);\n\t\t\t\t\tfilter: progid:DXImageTransform.Microsoft.gradient(startColorStr='#020202', endColorStr='#000000');\n\t\t\t\t\tbackground-color: transparent;\n\t\t\t\t\tbackground-clip: text;\n\t\t\t\t\t-o-background-clip: text;\n\t\t\t\t\t-ms-background-clip: text;\n\t\t\t\t\t-moz-background-clip: text;\n\t\t\t\t\t-webkit-background-clip: text;\n\t\t\t\t\ttext-fill-color: transparent;\n\t\t\t\t\t-o-text-fill-color: transparent;\n\t\t\t\t\t-ms-text-fill-color: transparent;\n\t\t\t\t\t-moz-text-fill-color: transparent;\n\t\t\t\t\t-webkit-text-fill-color: transparent;\n\t            }\n\t        \">\n\n\t    <\/div>\n\t\t<div class=\"ct-text-editor elementor-clearfix\">\n\t\t\t<h6>Ingrese sus datos en el siguiente formulario de contacto.<\/h6>\t\t\n\t\t<\/div>\n\t<\/div>\n<\/div>\t\t\t\t<\/div>\n\t\t\t\t<\/div>\n\t\t\t\t<div class=\"elementor-element elementor-element-f1fe5b5 elementor-widget elementor-widget-ct_contact_form\" data-id=\"f1fe5b5\" data-element_type=\"widget\" data-widget_type=\"ct_contact_form.default\">\n\t\t\t\t<div class=\"elementor-widget-container\">\n\t\t\t\t\t    <div class=\"ct-contact-form ct-contact-form-layout1 style1 \">\r\n    \t        <div class=\"ct-contact-form\">\r\n            \n<div class=\"wpcf7 no-js\" id=\"wpcf7-f420-o1\" lang=\"en-US\" dir=\"ltr\" data-wpcf7-id=\"420\">\n<div class=\"screen-reader-response\"><p role=\"status\" aria-live=\"polite\" aria-atomic=\"true\"><\/p> <ul><\/ul><\/div>\n<form action=\"\/electricidad\/wp-json\/wp\/v2\/pages\/33#wpcf7-f420-o1\" method=\"post\" class=\"wpcf7-form init\" aria-label=\"Contact form\" novalidate=\"novalidate\" data-status=\"init\">\n<fieldset class=\"hidden-fields-container\"><input type=\"hidden\" name=\"_wpcf7\" value=\"420\" \/><input type=\"hidden\" name=\"_wpcf7_version\" value=\"6.1.1\" \/><input type=\"hidden\" name=\"_wpcf7_locale\" value=\"en_US\" \/><input type=\"hidden\" name=\"_wpcf7_unit_tag\" value=\"wpcf7-f420-o1\" \/><input type=\"hidden\" name=\"_wpcf7_container_post\" value=\"0\" \/><input type=\"hidden\" name=\"_wpcf7_posted_data_hash\" value=\"\" \/>\n<\/fieldset>\n<div class=\"row\">\n\t<div class=\"input-filled col-lg-6 col-md-6\">\n\t\t<p><label>Nombre (Requerido)<\/label><span class=\"wpcf7-form-control-wrap\" data-name=\"your-name\"><input size=\"40\" maxlength=\"400\" class=\"wpcf7-form-control wpcf7-text wpcf7-validates-as-required\" aria-required=\"true\" aria-invalid=\"false\" placeholder=\"Su Nombre *\" value=\"\" type=\"text\" name=\"your-name\" \/><\/span>\n\t\t<\/p>\n\t<\/div>\n\t<div class=\"input-filled col-lg-6 col-md-6\">\n\t\t<p><label>E-mail (Requerido)<\/label><span class=\"wpcf7-form-control-wrap\" data-name=\"your-email\"><input size=\"40\" maxlength=\"400\" class=\"wpcf7-form-control wpcf7-email wpcf7-validates-as-required wpcf7-text wpcf7-validates-as-email\" aria-required=\"true\" aria-invalid=\"false\" placeholder=\"Email *\" value=\"\" type=\"email\" name=\"your-email\" \/><\/span>\n\t\t<\/p>\n\t<\/div>\n<\/div>\n<div class=\"row\">\n\t<div class=\"input-filled col-lg-6 col-md-6\">\n\t\t<p><label>Tel\u00e9fono (Requerido)<\/label><span class=\"wpcf7-form-control-wrap\" data-name=\"your-phone\"><input size=\"40\" maxlength=\"400\" class=\"wpcf7-form-control wpcf7-text\" aria-invalid=\"false\" placeholder=\"Tel\u00e9fono *\" value=\"\" type=\"text\" name=\"your-phone\" \/><\/span>\n\t\t<\/p>\n\t<\/div>\n\t<div class=\"input-filled col-lg-6 col-md-6\">\n\t\t<p><label>Servicio Requerido<\/label><span class=\"wpcf7-form-control-wrap\" data-name=\"your-service\"><select class=\"wpcf7-form-control wpcf7-select wpcf7-validates-as-required\" aria-required=\"true\" aria-invalid=\"false\" name=\"your-service\"><option value=\"Consulta General\">Consulta General<\/option><option value=\"Asesor\u00edas\">Asesor\u00edas<\/option><option value=\"Proyectos El\u00e9ctricos\">Proyectos El\u00e9ctricos<\/option><option value=\"Desarrollo de Proyecto\">Desarrollo de Proyecto<\/option><option value=\"Cotizar Servicio\">Cotizar Servicio<\/option><\/select><\/span>\n\t\t<\/p>\n\t<\/div>\n<\/div>\n<div class=\"row\">\n\t<div class=\"input-filled col-12\">\n\t\t<p><label>Mensaje (Requerido)<\/label><span class=\"wpcf7-form-control-wrap\" data-name=\"your-message\"><textarea cols=\"40\" rows=\"10\" maxlength=\"2000\" class=\"wpcf7-form-control wpcf7-textarea wpcf7-validates-as-required\" aria-required=\"true\" aria-invalid=\"false\" placeholder=\"Escriba Mensaje *\" name=\"your-message\"><\/textarea><\/span>\n\t\t<\/p>\n\t<\/div>\n\t<div class=\"input-filled col-12\">\n\t\t<p><button type=\"submit\" class=\"wpcf7-submit btn\">Enviar datos<\/button>\n\t\t<\/p>\n\t<\/div>\n<\/div><p style=\"display: none !important;\" class=\"akismet-fields-container\" data-prefix=\"_wpcf7_ak_\"><label>&#916;<textarea name=\"_wpcf7_ak_hp_textarea\" cols=\"45\" rows=\"8\" maxlength=\"100\"><\/textarea><\/label><input type=\"hidden\" id=\"ak_js_1\" name=\"_wpcf7_ak_js\" value=\"196\"\/><script>document.getElementById( \"ak_js_1\" ).setAttribute( \"value\", ( new Date() ).getTime() );<\/script><\/p><div class=\"wpcf7-response-output\" aria-hidden=\"true\"><\/div>\n<\/form>\n<\/div>\n        <\/div>\r\n    <\/div>\r\n\t\t\t\t<\/div>\n\t\t\t\t<\/div>\n\t\t            <\/div>\n        <\/div>\n                <div class=\"elementor-column elementor-col-50 elementor-top-column elementor-element elementor-element-bc87556 ct-column-none col-offset-none col-color-offset-none\" data-id=\"bc87556\" data-element_type=\"column\">\n        <div class=\"elementor-widget-wrap\">\n                    \n                    <\/div>\n        <\/div>\n                    <\/div>\n        <\/section>\n        \t\t<\/div>\n\t\t","protected":false},"excerpt":{"rendered":"<p>Sobre Nuestra Empresa CHD IGROUP En nuestra l\u00ednea de Proyectos e Ingenier\u00eda El\u00e9ctrica, dise\u00f1amos e implementamos sistemas el\u00e9ctricos para instalaciones industriales y comerciales. Nos especializamos en proyectos a medida que integran las \u00faltimas tecnolog\u00edas en automatizaci\u00f3n y eficiencia energ\u00e9tica. Nuestra experiencia en soluciones el\u00e9ctricas complejas nos permite ofrecer a nuestros clientes dise\u00f1os optimizados que maximizan [&hellip;]<\/p>\n","protected":false},"author":1,"featured_media":0,"parent":0,"menu_order":0,"comment_status":"closed","ping_status":"closed","template":"","meta":{"footnotes":""},"class_list":["post-33","page","type-page","status-publish","hentry"],"_links":{"self":[{"href":"https:\/\/chdigroup.com\/electricidad\/wp-json\/wp\/v2\/pages\/33","targetHints":{"allow":["GET"]}}],"collection":[{"href":"https:\/\/chdigroup.com\/electricidad\/wp-json\/wp\/v2\/pages"}],"about":[{"href":"https:\/\/chdigroup.com\/electricidad\/wp-json\/wp\/v2\/types\/page"}],"author":[{"embeddable":true,"href":"https:\/\/chdigroup.com\/electricidad\/wp-json\/wp\/v2\/users\/1"}],"replies":[{"embeddable":true,"href":"https:\/\/chdigroup.com\/electricidad\/wp-json\/wp\/v2\/comments?post=33"}],"version-history":[{"count":78,"href":"https:\/\/chdigroup.com\/electricidad\/wp-json\/wp\/v2\/pages\/33\/revisions"}],"predecessor-version":[{"id":10416,"href":"https:\/\/chdigroup.com\/electricidad\/wp-json\/wp\/v2\/pages\/33\/revisions\/10416"}],"wp:attachment":[{"href":"https:\/\/chdigroup.com\/electricidad\/wp-json\/wp\/v2\/media?parent=33"}],"curies":[{"name":"wp","href":"https:\/\/api.w.org\/{rel}","templated":true}]}}