{"id":9572,"date":"2023-03-09T03:12:48","date_gmt":"2023-03-09T03:12:48","guid":{"rendered":"https:\/\/demo.casethemes.net\/itfirm\/?page_id=9572"},"modified":"2024-09-23T03:25:08","modified_gmt":"2024-09-23T06:25:08","slug":"sostenibilidad","status":"publish","type":"page","link":"https:\/\/chdigroup.com\/electricidad\/sostenibilidad\/","title":{"rendered":"Compromiso"},"content":{"rendered":"\t\t<div data-elementor-type=\"wp-page\" data-elementor-id=\"9572\" class=\"elementor elementor-9572\">\n\t\t\t\t<div class=\"elementor-element elementor-element-362ba26 e-flex e-con-boxed e-con e-parent\" data-id=\"362ba26\" data-element_type=\"container\">\n\t\t\t\t\t<div class=\"e-con-inner\">\n\t\t\t\t\t<\/div>\n\t\t\t\t<\/div>\n\t\t<div class=\"elementor-element elementor-element-2cb44d0 e-flex e-con-boxed e-con e-parent\" data-id=\"2cb44d0\" data-element_type=\"container\">\n\t\t\t\t\t<div class=\"e-con-inner\">\n\t\t<footer class=\"elementor-element elementor-element-776680d e-con-full e-flex e-con e-child\" data-id=\"776680d\" data-element_type=\"container\" data-settings=\"{&quot;background_background&quot;:&quot;classic&quot;}\">\n\t\t\t\t<div class=\"elementor-element elementor-element-e6c316f elementor-widget elementor-widget-heading\" data-id=\"e6c316f\" data-element_type=\"widget\" data-widget_type=\"heading.default\">\n\t\t\t\t<div class=\"elementor-widget-container\">\n\t\t\t\t\t<h3 class=\"elementor-heading-title elementor-size-default\">Nuestro Compromiso con el Medio Ambiente<\/h3>\t\t\t\t<\/div>\n\t\t\t\t<\/div>\n\t\t\t\t<div class=\"elementor-element elementor-element-c591e29 elementor-widget elementor-widget-text-editor\" data-id=\"c591e29\" data-element_type=\"widget\" data-widget_type=\"text-editor.default\">\n\t\t\t\t<div class=\"elementor-widget-container\">\n\t\t\t\t\t\t\t\t\t<p>En <strong>CHD IGROUP<\/strong>, estamos profundamente comprometidos con la protecci\u00f3n del medio ambiente en todas nuestras actividades. Reconocemos la importancia de adoptar pr\u00e1cticas sostenibles y responsables que reduzcan nuestro impacto ambiental y fomenten la conservaci\u00f3n de los recursos naturales. Nos esforzamos por implementar procesos de producci\u00f3n limpios y eficientes, utilizando tecnolog\u00edas y materiales ecol\u00f3gicos siempre que sea posible. Adem\u00e1s, trabajamos constantemente para disminuir nuestro consumo de energ\u00eda y agua, gestionar adecuadamente los residuos y fomentar la conciencia ambiental entre nuestros empleados y socios comerciales. Nuestro compromiso con el medio ambiente es fundamental para nuestra visi\u00f3n de un futuro m\u00e1s sostenible, y estamos dedicados a contribuir positivamente al cuidado de nuestro planeta.<\/p>\t\t\t\t\t\t\t\t<\/div>\n\t\t\t\t<\/div>\n\t\t\t\t<\/footer>\n\t\t<div class=\"elementor-element elementor-element-c1392d3 e-con-full e-flex e-con e-child\" data-id=\"c1392d3\" data-element_type=\"container\">\n\t\t\t\t<div class=\"elementor-element elementor-element-f673d6e elementor-widget elementor-widget-image\" data-id=\"f673d6e\" data-element_type=\"widget\" data-widget_type=\"image.default\">\n\t\t\t\t<div class=\"elementor-widget-container\">\n\t\t\t\t\t\t\t\t\t\t\t\t\t\t\t<img fetchpriority=\"high\" decoding=\"async\" width=\"640\" height=\"960\" src=\"https:\/\/chdigroup.com\/electricidad\/wp-content\/uploads\/2024\/09\/empres-683x1024.jpg\" class=\"attachment-large size-large wp-image-10300\" alt=\"\" srcset=\"https:\/\/chdigroup.com\/electricidad\/wp-content\/uploads\/2024\/09\/empres-683x1024.jpg 683w, https:\/\/chdigroup.com\/electricidad\/wp-content\/uploads\/2024\/09\/empres-200x300.jpg 200w, https:\/\/chdigroup.com\/electricidad\/wp-content\/uploads\/2024\/09\/empres-768x1152.jpg 768w, https:\/\/chdigroup.com\/electricidad\/wp-content\/uploads\/2024\/09\/empres-1024x1536.jpg 1024w, https:\/\/chdigroup.com\/electricidad\/wp-content\/uploads\/2024\/09\/empres-600x900.jpg 600w, https:\/\/chdigroup.com\/electricidad\/wp-content\/uploads\/2024\/09\/empres.jpg 1280w\" sizes=\"(max-width: 640px) 100vw, 640px\" \/>\t\t\t\t\t\t\t\t\t\t\t\t\t\t\t<\/div>\n\t\t\t\t<\/div>\n\t\t\t\t<\/div>\n\t\t\t\t\t<\/div>\n\t\t\t\t<\/div>\n\t\t<div class=\"elementor-element elementor-element-07c0e2b e-flex e-con-boxed e-con e-parent\" data-id=\"07c0e2b\" data-element_type=\"container\">\n\t\t\t\t\t<div class=\"e-con-inner\">\n\t\t\t\t\t<\/div>\n\t\t\t\t<\/div>\n\t\t\t\t<\/div>\n\t\t","protected":false},"excerpt":{"rendered":"<p>Nuestro Compromiso con el Medio Ambiente En CHD IGROUP, estamos profundamente comprometidos con la protecci\u00f3n del medio ambiente en todas nuestras actividades. Reconocemos la importancia de adoptar pr\u00e1cticas sostenibles y responsables que reduzcan nuestro impacto ambiental y fomenten la conservaci\u00f3n de los recursos naturales. Nos esforzamos por implementar procesos de producci\u00f3n limpios y eficientes, utilizando [&hellip;]<\/p>\n","protected":false},"author":1,"featured_media":0,"parent":0,"menu_order":0,"comment_status":"closed","ping_status":"closed","template":"","meta":{"footnotes":""},"class_list":["post-9572","page","type-page","status-publish","hentry"],"_links":{"self":[{"href":"https:\/\/chdigroup.com\/electricidad\/wp-json\/wp\/v2\/pages\/9572","targetHints":{"allow":["GET"]}}],"collection":[{"href":"https:\/\/chdigroup.com\/electricidad\/wp-json\/wp\/v2\/pages"}],"about":[{"href":"https:\/\/chdigroup.com\/electricidad\/wp-json\/wp\/v2\/types\/page"}],"author":[{"embeddable":true,"href":"https:\/\/chdigroup.com\/electricidad\/wp-json\/wp\/v2\/users\/1"}],"replies":[{"embeddable":true,"href":"https:\/\/chdigroup.com\/electricidad\/wp-json\/wp\/v2\/comments?post=9572"}],"version-history":[{"count":27,"href":"https:\/\/chdigroup.com\/electricidad\/wp-json\/wp\/v2\/pages\/9572\/revisions"}],"predecessor-version":[{"id":10304,"href":"https:\/\/chdigroup.com\/electricidad\/wp-json\/wp\/v2\/pages\/9572\/revisions\/10304"}],"wp:attachment":[{"href":"https:\/\/chdigroup.com\/electricidad\/wp-json\/wp\/v2\/media?parent=9572"}],"curies":[{"name":"wp","href":"https:\/\/api.w.org\/{rel}","templated":true}]}}